{"id":1834,"date":"2024-04-26T11:22:29","date_gmt":"2024-04-26T11:22:29","guid":{"rendered":"https:\/\/incipitfacsimiles.com\/?page_id=1834"},"modified":"2025-04-24T08:31:34","modified_gmt":"2025-04-24T08:31:34","slug":"legal-notice","status":"publish","type":"page","link":"https:\/\/incipitfacsimiles.com\/es\/legal-notice\/","title":{"rendered":"Noticia Legal"},"content":{"rendered":"<div data-elementor-type=\"wp-page\" data-elementor-id=\"1834\" class=\"elementor elementor-1834\" data-elementor-post-type=\"page\">\n\t\t\t\t<div class=\"elementor-element elementor-element-9ecdce3 e-flex e-con-boxed e-con e-parent\" data-id=\"9ecdce3\" data-element_type=\"container\">\n\t\t\t\t\t<div class=\"e-con-inner\">\n\t\t\t\t<div class=\"elementor-element elementor-element-0017603 elementor-widget elementor-widget-heading\" data-id=\"0017603\" data-element_type=\"widget\" data-widget_type=\"heading.default\">\n\t\t\t\t<div class=\"elementor-widget-container\">\n\t\t\t\t\t<h1 class=\"elementor-heading-title elementor-size-default\">Noticia Legal<\/h1>\t\t\t\t<\/div>\n\t\t\t\t<\/div>\n\t\t\t\t\t<\/div>\n\t\t\t\t<\/div>\n\t\t<div class=\"elementor-element elementor-element-7d8c9d9 e-flex e-con-boxed e-con e-parent\" data-id=\"7d8c9d9\" data-element_type=\"container\">\n\t\t\t\t\t<div class=\"e-con-inner\">\n\t\t\t\t<div class=\"elementor-element elementor-element-49edf02 elementor-widget elementor-widget-text-editor\" data-id=\"49edf02\" data-element_type=\"widget\" data-widget_type=\"text-editor.default\">\n\t\t\t\t<div class=\"elementor-widget-container\">\n\t\t\t\t\t\t\t\t\t<h2>Nuestro aviso legal<\/h2><h4>Titular<\/h4><p>Incipit Manuscript Ediciones, SL (en adelante el titular del sitio Web), con CIF\/ B09908542 y domicilio social en la Calle Camino de Hormigueras, 124 \u2013 Portal 3, 4.\u02da H \u2013 28031 Madrid, es titular del dominio <a href=\"https:\/\/incipitfacsimiles.com\/es\/\">incipitfacsimiles.com<\/a>.<\/p><p>La sociedad est\u00e1 inscrita en el Registro Mercantil de Madrid, tomo 43.231, folio 180, inscripci\u00f3n 1, hoja M-763853. Tel\u00e9fono: +34 91 332 05 41. Correo electr\u00f3nico: <a href=\"mailto:incipit@incipitfacsimiles.com\">incipit@incipitfacsimiles.com<\/a>.<\/p><h4>Objeto<\/h4><p>Estas condiciones generales y particulares regulan el acceso y uso del sitio Web.<\/p><p>El sitio Web tiene como finalidad dar a conocer y poner a disposici\u00f3n del p\u00fablico (en adelante el usuario) informaci\u00f3n, datos, productos y servicios (en adelante contenidos) relacionados con facs\u00edmiles y manuscritos.<\/p><h4>Acceso<\/h4><p>El acceso y uso de este sitio Web implican la aceptaci\u00f3n de las condiciones generales y particulares que regulan su uso. Se recomienda revisar peri\u00f3dicamente estas condiciones para estar al tanto de posibles cambios.<\/p><p>El sitio Web ofrece acceso gratuito a sus contenidos, salvo aquellos que requieran suscripci\u00f3n o registro, seg\u00fan se especifique en las condiciones generales o particulares.<\/p><p>El servicio se presta de manera indefinida. El titular del sitio Web se compromete a mantener la calidad y exactitud de los contenidos en la medida de lo posible, reserv\u00e1ndose el derecho de modificar o actualizar las condiciones de acceso o suspender el acceso al sitio Web, o parte del mismo, sin previo aviso.<\/p><p>Los usuarios se comprometen a no acceder ni utilizar el sitio Web de manera contraria a lo establecido en estas condiciones, ni con fines il\u00edcitos o que puedan da\u00f1ar el sitio Web o a terceros.<\/p><h4>Contenidos<\/h4><p>El acceso y uso de los contenidos del sitio Web son responsabilidad exclusiva del usuario. El titular del sitio Web no se hace responsable de las consecuencias negativas derivadas del acceso a los contenidos.<\/p><p>Los contenidos tienen un car\u00e1cter informativo y orientativo sobre las actividades, productos y servicios ofrecidos.<\/p><p>El titular del sitio Web podr\u00e1 modificar, suprimir o cambiar los contenidos y la forma de acceso para mejorar su calidad o corregir errores, minimizando las posibles consecuencias negativas para los usuarios.<\/p><h4>Protecci\u00f3n de datos<\/h4><div class=\"translation-block\">El Propietario cumple el Reglamento General de Protecci\u00f3n de Datos (RGPD). Para obtener informaci\u00f3n detallada sobre c\u00f3mo recopilamos, utilizamos y protegemos sus datos personales, consulte nuestra <a href=\"https:\/\/incipitfacsimiles.com\/es\/privacy-policy\/\" target=\"_new\" rel=\"noreferrer\">Pol\u00edtica de Privacidad<\/a>..<\/div><h4>Derechos del Usuario<\/h4><p class=\"translation-block\">En virtud del RGPD, los usuarios tienen derecho a acceder, rectificar, suprimir, limitar el tratamiento, a la portabilidad de los datos y a oponerse al tratamiento de sus datos personales. Para ejercer estos derechos, p\u00f3ngase en contacto con nosotros en <a href=\"mailto:incipit@incipitfacsimiles.com\" rel=\"noreferrer\" target=\"_self\">incipit@incipitfacsimiles.com<\/a>.<\/p><h4>Propiedad intelectual<\/h4><p>El titular del sitio Web es titular de los derechos de propiedad industrial e intelectual de los contenidos alojados en el mismo, as\u00ed como del propio sitio Web.<\/p><p>Queda prohibida cualquier acci\u00f3n que implique la copia, reproducci\u00f3n, distribuci\u00f3n, transformaci\u00f3n, comunicaci\u00f3n p\u00fablica o cualquier otro uso de los contenidos sin autorizaci\u00f3n previa y por escrito del titular del sitio Web.<\/p><p>No est\u00e1 permitido utilizar los contenidos con fines publicitarios o de promoci\u00f3n sin autorizaci\u00f3n.<\/p><p>Los enlaces a este sitio Web deben dirigir a la p\u00e1gina de inicio y no deben contener informaci\u00f3n falsa o confusa sobre el titular del sitio Web.<\/p><p>El titular del sitio Web ejerce mecanismos de control sobre la calidad de los enlaces (links) que incorporen al sitio Web, pero no se hace responsable de la rapidez o fiabilidad de estos enlaces externos ni de los sitios web de terceros.<\/p><h4>Jurisdicci\u00f3n<\/h4><p>Para cualquier controversia relacionada con el uso del sitio Web o sus contenidos sujetos a estas condiciones, las partes se someten a los Juzgados y Tribunales de Madrid, con renuncia expresa a cualquier otro fuero que pudiera corresponderles.<\/p>\t\t\t\t\t\t\t\t<\/div>\n\t\t\t\t<\/div>\n\t\t\t\t\t<\/div>\n\t\t\t\t<\/div>\n\t\t\t\t<\/div>","protected":false},"excerpt":{"rendered":"<p>Legal NOTICE Our Legal Notice Owner Incipit Manuscript Ediciones, SL (hereinafter the owner of the website), with CIF B09908542 and registered office at C\/ Camino de Hormigueras, 124 &#8211; Portal 3, 4.\u02da H &#8211; 28031 Madrid, is the owner of the domain incipitfacsimiles.com. The company is registered in the Mercantile Registry of Madrid, volume 43.231, [&hellip;]<\/p>","protected":false},"author":4,"featured_media":0,"parent":0,"menu_order":0,"comment_status":"closed","ping_status":"closed","template":"","meta":{"footnotes":""},"class_list":["post-1834","page","type-page","status-publish","hentry"],"yoast_head":"<!-- This site is optimized with the Yoast SEO plugin v25.0 - https:\/\/yoast.com\/wordpress\/plugins\/seo\/ -->\n<title>Legal Notice - Incipit Facsimiles<\/title>\n<meta name=\"description\" content=\"Legal notice of the Incipit Manuscript facsimile manufacturing company.\" \/>\n<meta name=\"robots\" content=\"index, follow, max-snippet:-1, max-image-preview:large, max-video-preview:-1\" \/>\n<link rel=\"canonical\" href=\"https:\/\/incipitfacsimiles.com\/es\/legal-notice\/\" \/>\n<meta property=\"og:locale\" content=\"es_ES\" \/>\n<meta property=\"og:type\" content=\"article\" \/>\n<meta property=\"og:title\" content=\"Legal Notice - Incipit Facsimiles\" \/>\n<meta property=\"og:description\" content=\"Legal notice of the Incipit Manuscript facsimile manufacturing company.\" \/>\n<meta property=\"og:url\" content=\"https:\/\/incipitfacsimiles.com\/es\/legal-notice\/\" \/>\n<meta property=\"og:site_name\" content=\"Incipit Facsimiles\" \/>\n<meta property=\"article:modified_time\" content=\"2025-04-24T08:31:34+00:00\" \/>\n<meta property=\"og:image\" content=\"https:\/\/incipitfacsimiles.com\/wp-content\/uploads\/2023\/11\/Logo-Incipit-solo.png\" \/>\n\t<meta property=\"og:image:width\" content=\"1389\" \/>\n\t<meta property=\"og:image:height\" content=\"1497\" \/>\n\t<meta property=\"og:image:type\" content=\"image\/png\" \/>\n<meta name=\"twitter:card\" content=\"summary_large_image\" \/>\n<meta name=\"twitter:site\" content=\"@IncipitEditions\" \/>\n<meta name=\"twitter:label1\" content=\"Tiempo de lectura\" \/>\n\t<meta name=\"twitter:data1\" content=\"3 minutos\" \/>\n<script type=\"application\/ld+json\" class=\"yoast-schema-graph\">{\"@context\":\"https:\/\/schema.org\",\"@graph\":[{\"@type\":\"WebPage\",\"@id\":\"https:\/\/incipitfacsimiles.com\/legal-notice\/\",\"url\":\"https:\/\/incipitfacsimiles.com\/legal-notice\/\",\"name\":\"Legal Notice - Incipit Facsimiles\",\"isPartOf\":{\"@id\":\"https:\/\/incipitfacsimiles.com\/#website\"},\"datePublished\":\"2024-04-26T11:22:29+00:00\",\"dateModified\":\"2025-04-24T08:31:34+00:00\",\"description\":\"Legal notice of the Incipit Manuscript facsimile manufacturing company.\",\"breadcrumb\":{\"@id\":\"https:\/\/incipitfacsimiles.com\/legal-notice\/#breadcrumb\"},\"inLanguage\":\"es\",\"potentialAction\":[{\"@type\":\"ReadAction\",\"target\":[\"https:\/\/incipitfacsimiles.com\/legal-notice\/\"]}]},{\"@type\":\"BreadcrumbList\",\"@id\":\"https:\/\/incipitfacsimiles.com\/legal-notice\/#breadcrumb\",\"itemListElement\":[{\"@type\":\"ListItem\",\"position\":1,\"name\":\"Home\",\"item\":\"https:\/\/incipitfacsimiles.com\/\"},{\"@type\":\"ListItem\",\"position\":2,\"name\":\"Legal Notice\"}]},{\"@type\":\"WebSite\",\"@id\":\"https:\/\/incipitfacsimiles.com\/#website\",\"url\":\"https:\/\/incipitfacsimiles.com\/\",\"name\":\"Incipit Facsimiles\",\"description\":\"Premium Handcrafted Facsimiles\",\"publisher\":{\"@id\":\"https:\/\/incipitfacsimiles.com\/#organization\"},\"potentialAction\":[{\"@type\":\"SearchAction\",\"target\":{\"@type\":\"EntryPoint\",\"urlTemplate\":\"https:\/\/incipitfacsimiles.com\/?s={search_term_string}\"},\"query-input\":{\"@type\":\"PropertyValueSpecification\",\"valueRequired\":true,\"valueName\":\"search_term_string\"}}],\"inLanguage\":\"es\"},{\"@type\":\"Organization\",\"@id\":\"https:\/\/incipitfacsimiles.com\/#organization\",\"name\":\"Incipit Facsimiles\",\"alternateName\":\"Incipit Facsimiles Publisher\",\"url\":\"https:\/\/incipitfacsimiles.com\/\",\"logo\":{\"@type\":\"ImageObject\",\"inLanguage\":\"es\",\"@id\":\"https:\/\/incipitfacsimiles.com\/#\/schema\/logo\/image\/\",\"url\":\"https:\/\/incipitfacsimiles.com\/wp-content\/uploads\/2023\/11\/cropped-Logo-Incipit-HORIZONTAL.png\",\"contentUrl\":\"https:\/\/incipitfacsimiles.com\/wp-content\/uploads\/2023\/11\/cropped-Logo-Incipit-HORIZONTAL.png\",\"width\":3544,\"height\":1284,\"caption\":\"Incipit Facsimiles\"},\"image\":{\"@id\":\"https:\/\/incipitfacsimiles.com\/#\/schema\/logo\/image\/\"},\"sameAs\":[\"https:\/\/x.com\/IncipitEditions\",\"https:\/\/www.linkedin.com\/company\/incipit-manuscript\/?viewAsMember=true\"]}]}<\/script>\n<!-- \/ Yoast SEO plugin. -->","yoast_head_json":{"title":"Legal Notice - Incipit Facsimiles","description":"Legal notice of the Incipit Manuscript facsimile manufacturing company.","robots":{"index":"index","follow":"follow","max-snippet":"max-snippet:-1","max-image-preview":"max-image-preview:large","max-video-preview":"max-video-preview:-1"},"canonical":"https:\/\/incipitfacsimiles.com\/es\/legal-notice\/","og_locale":"es_ES","og_type":"article","og_title":"Legal Notice - Incipit Facsimiles","og_description":"Legal notice of the Incipit Manuscript facsimile manufacturing company.","og_url":"https:\/\/incipitfacsimiles.com\/es\/legal-notice\/","og_site_name":"Incipit Facsimiles","article_modified_time":"2025-04-24T08:31:34+00:00","og_image":[{"width":1389,"height":1497,"url":"https:\/\/incipitfacsimiles.com\/wp-content\/uploads\/2023\/11\/Logo-Incipit-solo.png","type":"image\/png"}],"twitter_card":"summary_large_image","twitter_site":"@IncipitEditions","twitter_misc":{"Tiempo de lectura":"3 minutos"},"schema":{"@context":"https:\/\/schema.org","@graph":[{"@type":"WebPage","@id":"https:\/\/incipitfacsimiles.com\/legal-notice\/","url":"https:\/\/incipitfacsimiles.com\/legal-notice\/","name":"Legal Notice - Incipit Facsimiles","isPartOf":{"@id":"https:\/\/incipitfacsimiles.com\/#website"},"datePublished":"2024-04-26T11:22:29+00:00","dateModified":"2025-04-24T08:31:34+00:00","description":"Legal notice of the Incipit Manuscript facsimile manufacturing company.","breadcrumb":{"@id":"https:\/\/incipitfacsimiles.com\/legal-notice\/#breadcrumb"},"inLanguage":"es","potentialAction":[{"@type":"ReadAction","target":["https:\/\/incipitfacsimiles.com\/legal-notice\/"]}]},{"@type":"BreadcrumbList","@id":"https:\/\/incipitfacsimiles.com\/legal-notice\/#breadcrumb","itemListElement":[{"@type":"ListItem","position":1,"name":"Home","item":"https:\/\/incipitfacsimiles.com\/"},{"@type":"ListItem","position":2,"name":"Legal Notice"}]},{"@type":"WebSite","@id":"https:\/\/incipitfacsimiles.com\/#website","url":"https:\/\/incipitfacsimiles.com\/","name":"Incipit Facsimiles","description":"Premium Handcrafted Facsimiles","publisher":{"@id":"https:\/\/incipitfacsimiles.com\/#organization"},"potentialAction":[{"@type":"SearchAction","target":{"@type":"EntryPoint","urlTemplate":"https:\/\/incipitfacsimiles.com\/?s={search_term_string}"},"query-input":{"@type":"PropertyValueSpecification","valueRequired":true,"valueName":"search_term_string"}}],"inLanguage":"es"},{"@type":"Organization","@id":"https:\/\/incipitfacsimiles.com\/#organization","name":"Incipit Facsimiles","alternateName":"Incipit Facsimiles Publisher","url":"https:\/\/incipitfacsimiles.com\/","logo":{"@type":"ImageObject","inLanguage":"es","@id":"https:\/\/incipitfacsimiles.com\/#\/schema\/logo\/image\/","url":"https:\/\/incipitfacsimiles.com\/wp-content\/uploads\/2023\/11\/cropped-Logo-Incipit-HORIZONTAL.png","contentUrl":"https:\/\/incipitfacsimiles.com\/wp-content\/uploads\/2023\/11\/cropped-Logo-Incipit-HORIZONTAL.png","width":3544,"height":1284,"caption":"Incipit Facsimiles"},"image":{"@id":"https:\/\/incipitfacsimiles.com\/#\/schema\/logo\/image\/"},"sameAs":["https:\/\/x.com\/IncipitEditions","https:\/\/www.linkedin.com\/company\/incipit-manuscript\/?viewAsMember=true"]}]}},"_links":{"self":[{"href":"https:\/\/incipitfacsimiles.com\/es\/wp-json\/wp\/v2\/pages\/1834","targetHints":{"allow":["GET"]}}],"collection":[{"href":"https:\/\/incipitfacsimiles.com\/es\/wp-json\/wp\/v2\/pages"}],"about":[{"href":"https:\/\/incipitfacsimiles.com\/es\/wp-json\/wp\/v2\/types\/page"}],"author":[{"embeddable":true,"href":"https:\/\/incipitfacsimiles.com\/es\/wp-json\/wp\/v2\/users\/4"}],"replies":[{"embeddable":true,"href":"https:\/\/incipitfacsimiles.com\/es\/wp-json\/wp\/v2\/comments?post=1834"}],"version-history":[{"count":104,"href":"https:\/\/incipitfacsimiles.com\/es\/wp-json\/wp\/v2\/pages\/1834\/revisions"}],"predecessor-version":[{"id":8942,"href":"https:\/\/incipitfacsimiles.com\/es\/wp-json\/wp\/v2\/pages\/1834\/revisions\/8942"}],"wp:attachment":[{"href":"https:\/\/incipitfacsimiles.com\/es\/wp-json\/wp\/v2\/media?parent=1834"}],"curies":[{"name":"wp","href":"https:\/\/api.w.org\/{rel}","templated":true}]}}